{"id":1967,"date":"2025-05-13T08:34:11","date_gmt":"2025-05-13T06:34:11","guid":{"rendered":"https:\/\/www.mbpaper.it\/privacy-policy\/"},"modified":"2025-10-17T10:52:03","modified_gmt":"2025-10-17T08:52:03","slug":"privacy-policy","status":"publish","type":"page","link":"https:\/\/www.mbpaper.it\/es\/privacy-policy\/","title":{"rendered":"Informativa sulla privacy"},"content":{"rendered":"\t\t<div data-elementor-type=\"wp-page\" data-elementor-id=\"1967\" class=\"elementor elementor-1967 elementor-3\" data-elementor-post-type=\"page\">\n\t\t\t\t<div class=\"elementor-element elementor-element-5c1bdc7f e-flex e-con-boxed e-con e-parent\" data-id=\"5c1bdc7f\" data-element_type=\"container\" data-e-type=\"container\">\n\t\t\t\t\t<div class=\"e-con-inner\">\n\t\t\t\t<div class=\"elementor-element elementor-element-96f95c3 elementor-widget elementor-widget-text-editor\" data-id=\"96f95c3\" data-element_type=\"widget\" data-e-type=\"widget\" data-widget_type=\"text-editor.default\">\n\t\t\t\t<div class=\"elementor-widget-container\">\n\t\t\t\t\t\t\t\t\t<p>In questa pagina si descrivono le modalit\u00e0 di gestione del sito con riferimento al trattamento dei dati personali degli utenti che lo consultano, ai sensi del D.Lgs.196\/2003 (Codice della Privacy) e Regolamento UE 679\/2016 (GDPR).<\/p>\n<p>\u00a0<\/p>\n<p><\/p>\n<p><strong>1. Natura dei dati trattati<\/strong><\/p>\n<p><\/p>\n<p>Dati di navigazione \/ utilizzo<\/p>\n<p><\/p>\n<p>I sistemi informatici e le procedure software preposte al funzionamento di questo sito web acquisiscono, nel corso del loro normale esercizio, alcuni dati personali la cui trasmissione \u00e8 implicita nell&#8217;uso dei protocolli di comunicazione di Internet. Si tratta di informazioni che non sono raccolte per essere associate a interessati identificati, ma che per loro stessa natura potrebbero, attraverso elaborazioni ed associazioni con dati detenuti da terzi, permettere di identificare gli utenti. In questa categoria di dati rientrano gli indirizzi IP o i nomi a dominio dei computer utilizzati dagli utenti che si connettono al sito, gli indirizzi in notazione URI (Uniform Resource Identifier) delle risorse richieste, l&#8217;orario della richiesta, il metodo utilizzato nel sottoporre la richiesta al server, la dimensione del file ottenuto in risposta, il codice numerico indicante lo stato della risposta data dal server (buon fine, errore, ecc.) ed altri parametri relativi al sistema operativo e all&#8217;ambiente informatico dell&#8217;utente.<\/p>\n<p>\u00a0<\/p>\n<p><\/p>\n<p>Dati forniti volontariamente dall&#8217;utente<\/p>\n<p>\u00a0<\/p>\n<p><\/p>\n<p>L&#8217;invio facoltativo, esplicito e volontario di posta elettronica agli indirizzi indicati su questo sito comporta la successiva acquisizione dell&#8217;indirizzo del mittente, necessario per rispondere alle richieste, nonch\u00e9 degli eventuali altri dati personali inseriti nella missiva.<\/p>\n<p>\u00a0<\/p>\n<p><\/p>\n<p>Cookie \u2013 <a href=\"https:\/\/www.mbpaper.it\/cookie-policy\/\">Vedi relativa informativa.<\/a><\/p>\n<p>\u00a0<\/p>\n<p><\/p>\n<p>Dati personali trattati per l&#8217;accesso ai servizi del sito<\/p>\n<p><\/p>\n<ul class=\"wp-block-list\">\n<li style=\"list-style-type: none;\">\n<ul class=\"wp-block-list\"><\/ul>\n<\/li>\n<\/ul>\n<ul class=\"wp-block-list\">\n<li style=\"list-style-type: none;\">\n<ul class=\"wp-block-list\">\n<li><strong>Modulo di contatto<\/strong>:<br \/>Email, Nome, Cognome, Azienda, Numero di telefono<\/li>\n<\/ul>\n<\/li>\n<\/ul>\n<p><\/p>\n<p><\/p>\n<p>\u00a0<\/p>\n<p><strong>2. Finalit\u00e0 del trattamento<\/strong><\/p>\n<p><\/p>\n<p>I\u00a0<strong>dati di navigazione \/ utilizzo<\/strong>, descritti nel precedente punto 1, vengono utilizzati al solo fine di ricavare informazioni statistiche anonime sull&#8217;uso del sito e per controllarne il corretto funzionamento. I dati potrebbero essere utilizzati per l&#8217;accertamento di responsabilit\u00e0 in caso di ipotetici reati informatici ai danni del sito.<\/p>\n<p>\u00a0<\/p>\n<p>I\u00a0<strong>dati personali forniti spontaneamente degli utenti<\/strong>\u00a0che consultano il sito saranno trattati per le seguenti finalit\u00e0:<\/p>\n<p><\/p>\n<ul class=\"wp-block-list\">\n<li style=\"list-style-type: none;\">\n<ul class=\"wp-block-list\"><\/ul>\n<\/li>\n<\/ul>\n<p>\u00a0<\/p>\n<ul class=\"wp-block-list\">\n<li style=\"list-style-type: none;\">\n<ul class=\"wp-block-list\">\n<li>Contattare l&#8217;utente<\/li>\n<\/ul>\n<\/li>\n<\/ul>\n<p><\/p>\n<ul class=\"wp-block-list\">\n<li style=\"list-style-type: none;\">\n<ul class=\"wp-block-list\">\n<li>Statistica visite al sito<\/li>\n<\/ul>\n<\/li>\n<\/ul>\n<p><\/p>\n<ul class=\"wp-block-list\">\n<li style=\"list-style-type: none;\">\n<ul class=\"wp-block-list\">\n<li>Ottimizzazione e distribuzione del traffico<\/li>\n<\/ul>\n<\/li>\n<\/ul>\n<p><\/p>\n<ul class=\"wp-block-list\">\n<li style=\"list-style-type: none;\">\n<ul class=\"wp-block-list\">\n<li>Interazione con social network e piattaforme esterne<\/li>\n<\/ul>\n<\/li>\n<\/ul>\n<p><\/p>\n<p><\/p>\n<p>\u00a0<\/p>\n<p><strong>3. Basi giuridiche del trattamento<\/strong><\/p>\n<p><\/p>\n<p>I dati personali forniti spontaneamente dagli utenti saranno trattati in forza del consenso espresso in fase di registrazione al sito. Per quanto riguarda le informazioni tecniche strettamente necessarie per l\u2019erogazione del servizio (dati di navigazione \/ utilizzo), tali dati saranno trattati poich\u00e9 necessari per il perseguimento del nostro legittimo interesse di ottimizzazione del sito internet, nonch\u00e9 al fine di migliorarne performances e contenuti.<\/p>\n<p>\u00a0<\/p>\n<p><\/p>\n<p><strong>4. Modalit\u00e0 del trattamento e periodo di conservazione dei dati<\/strong><\/p>\n<p><\/p>\n<p>Il trattamento dei dati sar\u00e0 effettuato sia manualmente sia con l&#8217;ausilio di mezzi informatici e telematici a mezzo posta ordinaria od elettronica. I dati saranno conservati sia in archivi cartacei sia in archivi elettronici per il tempo strettamente necessario a realizzare le finalit\u00e0 di cui al punto 2 e comunque, in seguito all\u2019esaurimento di tali finalit\u00e0.<br \/>Specifiche misure di sicurezza sono osservate per prevenire la perdita dei dati, usi illeciti o non corretti ed accessi non autorizzati.<\/p>\n<p>\u00a0<\/p>\n<p><\/p>\n<p><strong>5. Obbligo o facolt\u00e0 di conferire i dati<\/strong><\/p>\n<p><\/p>\n<p>A parte quanto specificato per i dati di navigazione, l&#8217;utente \u00e8 libero di fornire i dati personali richiesti dai vari servizi del sito. Il loro mancato conferimento pu\u00f2 comportare l&#8217;impossibilit\u00e0 di ottenere quanto richiesto.<\/p>\n<p>\u00a0<\/p>\n<p><\/p>\n<p><strong>6. Comunicazione e diffusione dei dati personali<\/strong><\/p>\n<p><\/p>\n<p>I dati personali raccolti dal sito internet non sono soggetti a diffusione generalizzata. Tali dati potranno essere trattati, per le finalit\u00e0 di cui al punto 2, dai soggetti incaricati all&#8217;elaborazione dati e sistemi informativi, nonch\u00e9 dai soggetti incaricati alla gestione tecnica del sito internet.<\/p>\n<p>\u00a0<\/p>\n<p><\/p>\n<p><strong>7. Diritti degli interessati<\/strong><\/p>\n<p><\/p>\n<p>La normativa sulla privacy (artt. 7-10 del Codice privacy e artt. 12-22 del Regolamento UE 679\/2016) garantisce agli interessati il diritto di essere informati sui trattamenti dei dati che li riguardano e il diritto di accedere in ogni momento ai dati stessi e di richiederne l\u2019aggiornamento, l\u2019integrazione e la rettifica. Ove ricorrano le condizioni previste dalla normativa, l\u2019interessato pu\u00f2 inoltre vantare il diritto alla cancellazione dei dati, alla limitazione del loro trattamento, alla portabilit\u00e0 dei dati, all\u2019opposizione al trattamento, a non essere sottoposto a decisioni basate unicamente sul trattamento automatizzato.<br \/>Qualora il trattamento dei dati personali sia fondato sul consenso dell\u2019interessato questi ha diritto a revocare il consenso prestato.<br \/>Per l\u2019esercizio dei Suoi diritti, nonch\u00e9 per informazioni pi\u00f9 dettagliate circa i soggetti o le categorie di soggetti ai quali sono comunicati i dati o che ne vengono a conoscenza in qualit\u00e0 di responsabili o incaricati, l\u2019interessato potr\u00e0 contattare ai seguenti recapiti: tel e indirizzo e-mail .<br \/>Ove l\u2019interessato ritenga lesi i Suoi diritti, potr\u00e0 tutelarsi proponendo reclamo innanzi al Garante per la protezione dei dati personali.<\/p>\n<p>\u00a0<\/p>\n<p><\/p>\n<p><strong>8. Titolare e responsabili del trattamento<\/strong><\/p>\n<p><\/p>\n<p>Titolare del trattamento \u00e8 MB PAPER&#8217;S srl, con sede in via del Cristo, 25 &#8211; 33044 Manzano (UD). L\u2019elenco aggiornato dei responsabili al trattamento \u00e8 custodito presso la sede legale del Titolare del trattamento.<\/p>\n<p>\u00a0<\/p>\n<p><\/p>\n<p><strong>9. Modifiche a questa privacy policy<\/strong><\/p>\n<p><\/p>\n<p>Il Titolare del Trattamento si riserva il diritto di apportare modifiche alla presente privacy policy in qualunque momento dandone avviso agli Utenti su questa pagina. Si prega dunque di consultare spesso questa pagina, prendendo come riferimento la data di ultima modifica indicata in fondo. Nel caso di mancata accettazione delle modifiche apportate alla presente privacy policy, l&#8217;Utente pu\u00f2 richiedere al Titolare del Trattamento di rimuovere i propri dati personali. Salvo quanto diversamente specificato, la precedente privacy policy continuer\u00e0 ad applicarsi ai Dati Personali sino a quel momento raccolti.<\/p>\n<p><\/p>\n<p><\/p>\n<div>\u00a0<\/div>\t\t\t\t\t\t\t\t<\/div>\n\t\t\t\t<\/div>\n\t\t\t\t\t<\/div>\n\t\t\t\t<\/div>\n\t\t\t\t<\/div>\n\t\t","protected":false},"excerpt":{"rendered":"<p>In questa pagina si descrivono le modalit\u00e0 di gestione del sito con riferimento al trattamento dei dati personali degli utenti che lo consultano, ai sensi del D.Lgs.196\/2003 (Codice della Privacy) e Regolamento UE 679\/2016 (GDPR). \u00a0 1. Natura dei dati trattati Dati di navigazione \/ utilizzo I sistemi informatici e le procedure software preposte al [&hellip;]<\/p>\n","protected":false},"author":1,"featured_media":0,"parent":0,"menu_order":0,"comment_status":"closed","ping_status":"open","template":"","meta":{"footnotes":""},"class_list":["post-1967","page","type-page","status-publish","hentry"],"yoast_head":"<!-- This site is optimized with the Yoast SEO plugin v27.5 - https:\/\/yoast.com\/product\/yoast-seo-wordpress\/ -->\n<title>Informativa sulla privacy | MB Paper&#039;s<\/title>\n<meta name=\"robots\" content=\"index, follow, max-snippet:-1, max-image-preview:large, max-video-preview:-1\" \/>\n<link rel=\"canonical\" href=\"https:\/\/www.mbpaper.it\/es\/privacy-policy\/\" \/>\n<meta property=\"og:locale\" content=\"es_ES\" \/>\n<meta property=\"og:type\" content=\"article\" \/>\n<meta property=\"og:title\" content=\"Informativa sulla privacy | MB Paper&#039;s\" \/>\n<meta property=\"og:description\" content=\"In questa pagina si descrivono le modalit\u00e0 di gestione del sito con riferimento al trattamento dei dati personali degli utenti che lo consultano, ai sensi del D.Lgs.196\/2003 (Codice della Privacy) e Regolamento UE 679\/2016 (GDPR). \u00a0 1. Natura dei dati trattati Dati di navigazione \/ utilizzo I sistemi informatici e le procedure software preposte al [&hellip;]\" \/>\n<meta property=\"og:url\" content=\"https:\/\/www.mbpaper.it\/es\/privacy-policy\/\" \/>\n<meta property=\"og:site_name\" content=\"MB Paper&#039;s\" \/>\n<meta property=\"article:modified_time\" content=\"2025-10-17T08:52:03+00:00\" \/>\n<meta property=\"og:image\" content=\"https:\/\/www.mbpaper.it\/wp-content\/uploads\/2025\/05\/herombpapers.png\" \/>\n\t<meta property=\"og:image:width\" content=\"1917\" \/>\n\t<meta property=\"og:image:height\" content=\"930\" \/>\n\t<meta property=\"og:image:type\" content=\"image\/png\" \/>\n<meta name=\"twitter:card\" content=\"summary_large_image\" \/>\n<meta name=\"twitter:label1\" content=\"Tiempo de lectura\" \/>\n\t<meta name=\"twitter:data1\" content=\"5 minutos\" \/>\n<script type=\"application\/ld+json\" class=\"yoast-schema-graph\">{\"@context\":\"https:\\\/\\\/schema.org\",\"@graph\":[{\"@type\":\"WebPage\",\"@id\":\"https:\\\/\\\/www.mbpaper.it\\\/es\\\/privacy-policy\\\/\",\"url\":\"https:\\\/\\\/www.mbpaper.it\\\/es\\\/privacy-policy\\\/\",\"name\":\"Informativa sulla privacy | MB Paper&#039;s\",\"isPartOf\":{\"@id\":\"https:\\\/\\\/www.mbpaper.it\\\/#website\"},\"datePublished\":\"2025-05-13T06:34:11+00:00\",\"dateModified\":\"2025-10-17T08:52:03+00:00\",\"breadcrumb\":{\"@id\":\"https:\\\/\\\/www.mbpaper.it\\\/es\\\/privacy-policy\\\/#breadcrumb\"},\"inLanguage\":\"es\",\"potentialAction\":[{\"@type\":\"ReadAction\",\"target\":[\"https:\\\/\\\/www.mbpaper.it\\\/es\\\/privacy-policy\\\/\"]}]},{\"@type\":\"BreadcrumbList\",\"@id\":\"https:\\\/\\\/www.mbpaper.it\\\/es\\\/privacy-policy\\\/#breadcrumb\",\"itemListElement\":[{\"@type\":\"ListItem\",\"position\":1,\"name\":\"Home\",\"item\":\"https:\\\/\\\/www.mbpaper.it\\\/en\\\/\"},{\"@type\":\"ListItem\",\"position\":2,\"name\":\"Informativa sulla privacy\"}]},{\"@type\":\"WebSite\",\"@id\":\"https:\\\/\\\/www.mbpaper.it\\\/#website\",\"url\":\"https:\\\/\\\/www.mbpaper.it\\\/\",\"name\":\"MB Paper's\",\"description\":\"Leader nella produzione di filati di carta per borse, sedie, prodotti alimentari e applicazioni tecniche. Qualit\u00e0, sostenibilit\u00e0 e soluzioni su misura da oltre 40 anni.\",\"publisher\":{\"@id\":\"https:\\\/\\\/www.mbpaper.it\\\/#organization\"},\"alternateName\":\"MB Paper's srl\",\"potentialAction\":[{\"@type\":\"SearchAction\",\"target\":{\"@type\":\"EntryPoint\",\"urlTemplate\":\"https:\\\/\\\/www.mbpaper.it\\\/?s={search_term_string}\"},\"query-input\":{\"@type\":\"PropertyValueSpecification\",\"valueRequired\":true,\"valueName\":\"search_term_string\"}}],\"inLanguage\":\"es\"},{\"@type\":\"Organization\",\"@id\":\"https:\\\/\\\/www.mbpaper.it\\\/#organization\",\"name\":\"MB Paper's srl\",\"alternateName\":\"MB Paper's\",\"url\":\"https:\\\/\\\/www.mbpaper.it\\\/\",\"logo\":{\"@type\":\"ImageObject\",\"inLanguage\":\"es\",\"@id\":\"https:\\\/\\\/www.mbpaper.it\\\/#\\\/schema\\\/logo\\\/image\\\/\",\"url\":\"https:\\\/\\\/www.mbpaper.it\\\/wp-content\\\/uploads\\\/2025\\\/05\\\/logo.svg\",\"contentUrl\":\"https:\\\/\\\/www.mbpaper.it\\\/wp-content\\\/uploads\\\/2025\\\/05\\\/logo.svg\",\"width\":98,\"height\":121,\"caption\":\"MB Paper's srl\"},\"image\":{\"@id\":\"https:\\\/\\\/www.mbpaper.it\\\/#\\\/schema\\\/logo\\\/image\\\/\"}}]}<\/script>\n<!-- \/ Yoast SEO plugin. -->","yoast_head_json":{"title":"Informativa sulla privacy | MB Paper&#039;s","robots":{"index":"index","follow":"follow","max-snippet":"max-snippet:-1","max-image-preview":"max-image-preview:large","max-video-preview":"max-video-preview:-1"},"canonical":"https:\/\/www.mbpaper.it\/es\/privacy-policy\/","og_locale":"es_ES","og_type":"article","og_title":"Informativa sulla privacy | MB Paper&#039;s","og_description":"In questa pagina si descrivono le modalit\u00e0 di gestione del sito con riferimento al trattamento dei dati personali degli utenti che lo consultano, ai sensi del D.Lgs.196\/2003 (Codice della Privacy) e Regolamento UE 679\/2016 (GDPR). \u00a0 1. Natura dei dati trattati Dati di navigazione \/ utilizzo I sistemi informatici e le procedure software preposte al [&hellip;]","og_url":"https:\/\/www.mbpaper.it\/es\/privacy-policy\/","og_site_name":"MB Paper&#039;s","article_modified_time":"2025-10-17T08:52:03+00:00","og_image":[{"width":1917,"height":930,"url":"https:\/\/www.mbpaper.it\/wp-content\/uploads\/2025\/05\/herombpapers.png","type":"image\/png"}],"twitter_card":"summary_large_image","twitter_misc":{"Tiempo de lectura":"5 minutos"},"schema":{"@context":"https:\/\/schema.org","@graph":[{"@type":"WebPage","@id":"https:\/\/www.mbpaper.it\/es\/privacy-policy\/","url":"https:\/\/www.mbpaper.it\/es\/privacy-policy\/","name":"Informativa sulla privacy | MB Paper&#039;s","isPartOf":{"@id":"https:\/\/www.mbpaper.it\/#website"},"datePublished":"2025-05-13T06:34:11+00:00","dateModified":"2025-10-17T08:52:03+00:00","breadcrumb":{"@id":"https:\/\/www.mbpaper.it\/es\/privacy-policy\/#breadcrumb"},"inLanguage":"es","potentialAction":[{"@type":"ReadAction","target":["https:\/\/www.mbpaper.it\/es\/privacy-policy\/"]}]},{"@type":"BreadcrumbList","@id":"https:\/\/www.mbpaper.it\/es\/privacy-policy\/#breadcrumb","itemListElement":[{"@type":"ListItem","position":1,"name":"Home","item":"https:\/\/www.mbpaper.it\/en\/"},{"@type":"ListItem","position":2,"name":"Informativa sulla privacy"}]},{"@type":"WebSite","@id":"https:\/\/www.mbpaper.it\/#website","url":"https:\/\/www.mbpaper.it\/","name":"MB Paper's","description":"Leader nella produzione di filati di carta per borse, sedie, prodotti alimentari e applicazioni tecniche. Qualit\u00e0, sostenibilit\u00e0 e soluzioni su misura da oltre 40 anni.","publisher":{"@id":"https:\/\/www.mbpaper.it\/#organization"},"alternateName":"MB Paper's srl","potentialAction":[{"@type":"SearchAction","target":{"@type":"EntryPoint","urlTemplate":"https:\/\/www.mbpaper.it\/?s={search_term_string}"},"query-input":{"@type":"PropertyValueSpecification","valueRequired":true,"valueName":"search_term_string"}}],"inLanguage":"es"},{"@type":"Organization","@id":"https:\/\/www.mbpaper.it\/#organization","name":"MB Paper's srl","alternateName":"MB Paper's","url":"https:\/\/www.mbpaper.it\/","logo":{"@type":"ImageObject","inLanguage":"es","@id":"https:\/\/www.mbpaper.it\/#\/schema\/logo\/image\/","url":"https:\/\/www.mbpaper.it\/wp-content\/uploads\/2025\/05\/logo.svg","contentUrl":"https:\/\/www.mbpaper.it\/wp-content\/uploads\/2025\/05\/logo.svg","width":98,"height":121,"caption":"MB Paper's srl"},"image":{"@id":"https:\/\/www.mbpaper.it\/#\/schema\/logo\/image\/"}}]}},"_links":{"self":[{"href":"https:\/\/www.mbpaper.it\/es\/wp-json\/wp\/v2\/pages\/1967","targetHints":{"allow":["GET"]}}],"collection":[{"href":"https:\/\/www.mbpaper.it\/es\/wp-json\/wp\/v2\/pages"}],"about":[{"href":"https:\/\/www.mbpaper.it\/es\/wp-json\/wp\/v2\/types\/page"}],"author":[{"embeddable":true,"href":"https:\/\/www.mbpaper.it\/es\/wp-json\/wp\/v2\/users\/1"}],"replies":[{"embeddable":true,"href":"https:\/\/www.mbpaper.it\/es\/wp-json\/wp\/v2\/comments?post=1967"}],"version-history":[{"count":7,"href":"https:\/\/www.mbpaper.it\/es\/wp-json\/wp\/v2\/pages\/1967\/revisions"}],"predecessor-version":[{"id":3085,"href":"https:\/\/www.mbpaper.it\/es\/wp-json\/wp\/v2\/pages\/1967\/revisions\/3085"}],"wp:attachment":[{"href":"https:\/\/www.mbpaper.it\/es\/wp-json\/wp\/v2\/media?parent=1967"}],"curies":[{"name":"wp","href":"https:\/\/api.w.org\/{rel}","templated":true}]}}