{"id":1851,"date":"2025-05-22T09:26:43","date_gmt":"2025-05-22T07:26:43","guid":{"rendered":"https:\/\/www.mbpaper.it\/prodotti\/tecnico\/"},"modified":"2026-04-23T14:44:20","modified_gmt":"2026-04-23T12:44:20","slug":"uso-tecnico","status":"publish","type":"page","link":"https:\/\/www.mbpaper.it\/es\/productos\/uso-tecnico\/","title":{"rendered":"Uso t\u00e9cnico"},"content":{"rendered":"\t\t<div data-elementor-type=\"wp-page\" data-elementor-id=\"1851\" class=\"elementor elementor-1851 elementor-676\" data-elementor-post-type=\"page\">\n\t\t\t\t<div class=\"elementor-element elementor-element-1294305 e-con-full e-flex e-con e-parent\" data-id=\"1294305\" data-element_type=\"container\" data-e-type=\"container\" data-settings=\"{&quot;background_background&quot;:&quot;classic&quot;}\">\n\t\t<div class=\"elementor-element elementor-element-7c48ffb e-flex e-con-boxed e-con e-child\" data-id=\"7c48ffb\" data-element_type=\"container\" data-e-type=\"container\">\n\t\t\t\t\t<div class=\"e-con-inner\">\n\t\t<div class=\"elementor-element elementor-element-e32c73e e-con-full e-flex e-con e-child\" data-id=\"e32c73e\" data-element_type=\"container\" data-e-type=\"container\">\n\t\t\t\t<div class=\"elementor-element elementor-element-16a1b58 elementor-widget elementor-widget-heading\" data-id=\"16a1b58\" data-element_type=\"widget\" data-e-type=\"widget\" data-widget_type=\"heading.default\">\n\t\t\t\t<div class=\"elementor-widget-container\">\n\t\t\t\t\t<h1 class=\"elementor-heading-title elementor-size-default\">Hilos de papel retorcido para uso t\u00e9cnico <\/h1>\t\t\t\t<\/div>\n\t\t\t\t<\/div>\n\t\t\t\t<div class=\"elementor-element elementor-element-0a79276 elementor-widget elementor-widget-heading\" data-id=\"0a79276\" data-element_type=\"widget\" data-e-type=\"widget\" data-widget_type=\"heading.default\">\n\t\t\t\t<div class=\"elementor-widget-container\">\n\t\t\t\t\t<p class=\"elementor-heading-title elementor-size-default\">Para cables el\u00e9ctricos, embalajes y mucho m\u00e1s<\/p>\t\t\t\t<\/div>\n\t\t\t\t<\/div>\n\t\t\t\t<div class=\"elementor-element elementor-element-f15cde2 elementor-align-justify elementor-widget__width-inherit elementor-widget-mobile__width-initial elementor-hidden-desktop elementor-hidden-laptop elementor-hidden-tablet elementor-widget elementor-widget-button\" data-id=\"f15cde2\" data-element_type=\"widget\" data-e-type=\"widget\" data-widget_type=\"button.default\">\n\t\t\t\t<div class=\"elementor-widget-container\">\n\t\t\t\t\t\t\t\t\t<div class=\"elementor-button-wrapper\">\n\t\t\t\t\t<a class=\"elementor-button elementor-button-link elementor-size-sm\" href=\"#fichatecnica\">\n\t\t\t\t\t\t<span class=\"elementor-button-content-wrapper\">\n\t\t\t\t\t\t\t\t\t<span class=\"elementor-button-text\">Descargar la ficha t\u00e9cnica <\/span>\n\t\t\t\t\t<\/span>\n\t\t\t\t\t<\/a>\n\t\t\t\t<\/div>\n\t\t\t\t\t\t\t\t<\/div>\n\t\t\t\t<\/div>\n\t\t\t\t<div class=\"elementor-element elementor-element-4a0a419 elementor-align-justify elementor-widget__width-inherit elementor-widget-mobile__width-initial elementor-hidden-desktop elementor-hidden-laptop elementor-hidden-tablet elementor-widget elementor-widget-button\" data-id=\"4a0a419\" data-element_type=\"widget\" data-e-type=\"widget\" data-widget_type=\"button.default\">\n\t\t\t\t<div class=\"elementor-widget-container\">\n\t\t\t\t\t\t\t\t\t<div class=\"elementor-button-wrapper\">\n\t\t\t\t\t<a class=\"elementor-button elementor-button-link elementor-size-sm\" href=\"#elementor-action%3Aaction%3Dpopup%3Aopen%26settings%3DeyJpZCI6MTkzNywidG9nZ2xlIjpmYWxzZX0%3D\">\n\t\t\t\t\t\t<span class=\"elementor-button-content-wrapper\">\n\t\t\t\t\t\t\t\t\t<span class=\"elementor-button-text\">Solicitar un presupuesto<\/span>\n\t\t\t\t\t<\/span>\n\t\t\t\t\t<\/a>\n\t\t\t\t<\/div>\n\t\t\t\t\t\t\t\t<\/div>\n\t\t\t\t<\/div>\n\t\t\t\t<\/div>\n\t\t<div class=\"elementor-element elementor-element-842891d e-con-full elementor-hidden-mobile e-flex e-con e-child\" data-id=\"842891d\" data-element_type=\"container\" data-e-type=\"container\">\n\t\t<div class=\"elementor-element elementor-element-0967592 e-con-full e-flex e-con e-child\" data-id=\"0967592\" data-element_type=\"container\" data-e-type=\"container\">\n\t\t\t\t<div class=\"elementor-element elementor-element-0a91a93 elementor-align-justify elementor-widget__width-inherit elementor-widget elementor-widget-button\" data-id=\"0a91a93\" data-element_type=\"widget\" data-e-type=\"widget\" data-widget_type=\"button.default\">\n\t\t\t\t<div class=\"elementor-widget-container\">\n\t\t\t\t\t\t\t\t\t<div class=\"elementor-button-wrapper\">\n\t\t\t\t\t<a class=\"elementor-button elementor-button-link elementor-size-sm\" href=\"#fichatecnica\">\n\t\t\t\t\t\t<span class=\"elementor-button-content-wrapper\">\n\t\t\t\t\t\t\t\t\t<span class=\"elementor-button-text\">Descargar la ficha t\u00e9cnica <\/span>\n\t\t\t\t\t<\/span>\n\t\t\t\t\t<\/a>\n\t\t\t\t<\/div>\n\t\t\t\t\t\t\t\t<\/div>\n\t\t\t\t<\/div>\n\t\t\t\t<\/div>\n\t\t<div class=\"elementor-element elementor-element-720cd9d e-con-full e-flex e-con e-child\" data-id=\"720cd9d\" data-element_type=\"container\" data-e-type=\"container\">\n\t\t\t\t<div class=\"elementor-element elementor-element-75fc211 elementor-align-justify elementor-widget__width-inherit elementor-widget elementor-widget-button\" data-id=\"75fc211\" data-element_type=\"widget\" data-e-type=\"widget\" data-widget_type=\"button.default\">\n\t\t\t\t<div class=\"elementor-widget-container\">\n\t\t\t\t\t\t\t\t\t<div class=\"elementor-button-wrapper\">\n\t\t\t\t\t<a class=\"elementor-button elementor-button-link elementor-size-sm\" href=\"#elementor-action%3Aaction%3Dpopup%3Aopen%26settings%3DeyJpZCI6MTkzNywidG9nZ2xlIjpmYWxzZX0%3D\">\n\t\t\t\t\t\t<span class=\"elementor-button-content-wrapper\">\n\t\t\t\t\t\t\t\t\t<span class=\"elementor-button-text\">Solicitar un presupuesto<\/span>\n\t\t\t\t\t<\/span>\n\t\t\t\t\t<\/a>\n\t\t\t\t<\/div>\n\t\t\t\t\t\t\t\t<\/div>\n\t\t\t\t<\/div>\n\t\t\t\t<\/div>\n\t\t\t\t<\/div>\n\t\t\t\t\t<\/div>\n\t\t\t\t<\/div>\n\t\t\t\t<\/div>\n\t\t<div class=\"elementor-element elementor-element-9298c42 e-con-full e-flex e-con e-parent\" data-id=\"9298c42\" data-element_type=\"container\" data-e-type=\"container\">\n\t\t<div class=\"elementor-element elementor-element-e597d56 e-flex e-con-boxed e-con e-child\" data-id=\"e597d56\" data-element_type=\"container\" data-e-type=\"container\">\n\t\t\t\t\t<div class=\"e-con-inner\">\n\t\t<div class=\"elementor-element elementor-element-8fd62f4 e-con-full e-flex e-con e-child\" data-id=\"8fd62f4\" data-element_type=\"container\" data-e-type=\"container\">\n\t\t\t\t<div class=\"elementor-element elementor-element-cfe1107 elementor-widget elementor-widget-heading\" data-id=\"cfe1107\" data-element_type=\"widget\" data-e-type=\"widget\" data-widget_type=\"heading.default\">\n\t\t\t\t<div class=\"elementor-widget-container\">\n\t\t\t\t\t<h2 class=\"elementor-heading-title elementor-size-default\">La protecci\u00f3n adecuada para cada creaci\u00f3n<\/h2>\t\t\t\t<\/div>\n\t\t\t\t<\/div>\n\t\t\t\t<div class=\"elementor-element elementor-element-5c34b4c elementor-widget elementor-widget-heading\" data-id=\"5c34b4c\" data-element_type=\"widget\" data-e-type=\"widget\" data-widget_type=\"heading.default\">\n\t\t\t\t<div class=\"elementor-widget-container\">\n\t\t\t\t\t<p class=\"elementor-heading-title elementor-size-default\">Producimos hilos de papel retorcido espec\u00edficos para uso t\u00e9cnico: ya sea para el n\u00facleo de cables el\u00e9ctricos o para materiales de embalaje, desarrollamos la soluci\u00f3n a medida para cada caso.<\/p>\t\t\t\t<\/div>\n\t\t\t\t<\/div>\n\t\t\t\t<div class=\"elementor-element elementor-element-7d58a26 elementor-widget__width-inherit elementor-widget elementor-widget-image\" data-id=\"7d58a26\" data-element_type=\"widget\" data-e-type=\"widget\" data-widget_type=\"image.default\">\n\t\t\t\t<div class=\"elementor-widget-container\">\n\t\t\t\t\t\t\t\t\t\t\t\t\t\t\t<img fetchpriority=\"high\" decoding=\"async\" width=\"1320\" height=\"442\" src=\"https:\/\/www.mbpaper.it\/wp-content\/uploads\/2025\/07\/foto-prodotto-tecnico.jpg\" class=\"attachment-2048x2048 size-2048x2048 wp-image-2028\" alt=\"\" srcset=\"https:\/\/www.mbpaper.it\/wp-content\/uploads\/2025\/07\/foto-prodotto-tecnico.jpg 1320w, https:\/\/www.mbpaper.it\/wp-content\/uploads\/2025\/07\/foto-prodotto-tecnico-300x100.jpg 300w, https:\/\/www.mbpaper.it\/wp-content\/uploads\/2025\/07\/foto-prodotto-tecnico-1024x343.jpg 1024w, https:\/\/www.mbpaper.it\/wp-content\/uploads\/2025\/07\/foto-prodotto-tecnico-768x257.jpg 768w\" sizes=\"(max-width: 1320px) 100vw, 1320px\" \/>\t\t\t\t\t\t\t\t\t\t\t\t\t\t\t<\/div>\n\t\t\t\t<\/div>\n\t\t\t\t<\/div>\n\t\t<div class=\"elementor-element elementor-element-8648848 e-con-full e-flex e-con e-child\" data-id=\"8648848\" data-element_type=\"container\" data-e-type=\"container\" data-settings=\"{&quot;background_background&quot;:&quot;classic&quot;}\">\n\t\t<div class=\"elementor-element elementor-element-f284408 e-con-full e-flex e-con e-child\" data-id=\"f284408\" data-element_type=\"container\" data-e-type=\"container\">\n\t\t\t\t<div class=\"elementor-element elementor-element-e090880 elementor-widget elementor-widget-text-editor\" data-id=\"e090880\" data-element_type=\"widget\" data-e-type=\"widget\" data-widget_type=\"text-editor.default\">\n\t\t\t\t<div class=\"elementor-widget-container\">\n\t\t\t\t\t\t\t\t\t<p>De hecho, el hilo de papel es el material de relleno y de protecci\u00f3n ideal, porque mantiene la redondez de los cables a lo largo del tiempo, pero tambi\u00e9n su flexibilidad, act\u00faa como revestimiento perfecto para envasar botellas de vidrio u objetos de cer\u00e1mica, lo que garantiza la seguridad de los productos.<\/p><p>Nuestros hilos est\u00e1n compuestos por materiales naturales, completamente biodegradables y por lo tanto m\u00e1s sostenibles, lo que demuestra su reducido impacto ambiental as\u00ed como su versatilidad.<\/p>\t\t\t\t\t\t\t\t<\/div>\n\t\t\t\t<\/div>\n\t\t\t\t<\/div>\n\t\t\t\t<\/div>\n\t\t\t\t\t<\/div>\n\t\t\t\t<\/div>\n\t\t\t\t<\/div>\n\t\t<div class=\"elementor-element elementor-element-0fc992b e-con-full e-flex e-con e-parent\" data-id=\"0fc992b\" data-element_type=\"container\" data-e-type=\"container\" data-settings=\"{&quot;background_background&quot;:&quot;classic&quot;}\">\n\t\t<div class=\"elementor-element elementor-element-04a0d12 e-con-full e-flex e-con e-child\" data-id=\"04a0d12\" data-element_type=\"container\" data-e-type=\"container\">\n\t\t<div class=\"elementor-element elementor-element-bc080b6 e-flex e-con-boxed e-con e-child\" data-id=\"bc080b6\" data-element_type=\"container\" data-e-type=\"container\">\n\t\t\t\t\t<div class=\"e-con-inner\">\n\t\t\t\t<div class=\"elementor-element elementor-element-8f2605c elementor-widget elementor-widget-menu-anchor\" data-id=\"8f2605c\" data-element_type=\"widget\" data-e-type=\"widget\" data-widget_type=\"menu-anchor.default\">\n\t\t\t\t<div class=\"elementor-widget-container\">\n\t\t\t\t\t\t\t<div class=\"elementor-menu-anchor\" id=\"fichatecnica\"><\/div>\n\t\t\t\t\t\t<\/div>\n\t\t\t\t<\/div>\n\t\t\t\t<div class=\"elementor-element elementor-element-da9433e elementor-widget elementor-widget-heading\" data-id=\"da9433e\" data-element_type=\"widget\" data-e-type=\"widget\" data-widget_type=\"heading.default\">\n\t\t\t\t<div class=\"elementor-widget-container\">\n\t\t\t\t\t<p class=\"elementor-heading-title elementor-size-default\">Ficha t\u00e9cnica<\/p>\t\t\t\t<\/div>\n\t\t\t\t<\/div>\n\t\t\t\t<div class=\"elementor-element elementor-element-df91a7f elementor-widget elementor-widget-heading\" data-id=\"df91a7f\" data-element_type=\"widget\" data-e-type=\"widget\" data-widget_type=\"heading.default\">\n\t\t\t\t<div class=\"elementor-widget-container\">\n\t\t\t\t\t<p class=\"elementor-heading-title elementor-size-default\">Hilos de papel de di\u00e1metros de 1,5 a 8 mm.<br>\nColor: habana.<\/p>\t\t\t\t<\/div>\n\t\t\t\t<\/div>\n\t\t<div class=\"elementor-element elementor-element-0175147 e-con-full e-flex e-con e-child\" data-id=\"0175147\" data-element_type=\"container\" data-e-type=\"container\" data-settings=\"{&quot;background_background&quot;:&quot;classic&quot;}\">\n\t\t\t\t<div class=\"elementor-element elementor-element-71bd926 elementor-align-justify elementor-widget__width-inherit elementor-widget elementor-widget-button\" data-id=\"71bd926\" data-element_type=\"widget\" data-e-type=\"widget\" data-widget_type=\"button.default\">\n\t\t\t\t<div class=\"elementor-widget-container\">\n\t\t\t\t\t\t\t\t\t<div class=\"elementor-button-wrapper\">\n\t\t\t\t\t<a class=\"elementor-button elementor-button-link elementor-size-sm\" href=\"#elementor-action%3Aaction%3Dpopup%3Aopen%26settings%3DeyJpZCI6MTkzNCwidG9nZ2xlIjpmYWxzZX0%3D\">\n\t\t\t\t\t\t<span class=\"elementor-button-content-wrapper\">\n\t\t\t\t\t\t\t\t\t<span class=\"elementor-button-text\">Download Scheda<\/span>\n\t\t\t\t\t<\/span>\n\t\t\t\t\t<\/a>\n\t\t\t\t<\/div>\n\t\t\t\t\t\t\t\t<\/div>\n\t\t\t\t<\/div>\n\t\t\t\t<\/div>\n\t\t\t\t\t<\/div>\n\t\t\t\t<\/div>\n\t\t\t\t<\/div>\n\t\t\t\t<\/div>\n\t\t<div class=\"elementor-element elementor-element-ef49a65 e-con-full e-flex e-con e-parent\" data-id=\"ef49a65\" data-element_type=\"container\" data-e-type=\"container\">\n\t\t\t\t<div class=\"elementor-element elementor-element-3bfcd3b elementor-widget elementor-widget-shortcode\" data-id=\"3bfcd3b\" data-element_type=\"widget\" data-e-type=\"widget\" data-widget_type=\"shortcode.default\">\n\t\t\t\t<div class=\"elementor-widget-container\">\n\t\t\t\t\t\t\t<div class=\"elementor-shortcode\">\t\t<div data-elementor-type=\"section\" data-elementor-id=\"1783\" class=\"elementor elementor-1783 elementor-1719 elementor-1719\" data-elementor-post-type=\"elementor_library\">\n\t\t\t<div class=\"elementor-element elementor-element-7440e86 e-con-full e-flex e-con e-parent\" data-id=\"7440e86\" data-element_type=\"container\" data-e-type=\"container\">\n\t\t<div class=\"elementor-element elementor-element-91ecbf2 e-con-full e-flex e-con e-child\" data-id=\"91ecbf2\" data-element_type=\"container\" data-e-type=\"container\">\n\t\t<div class=\"elementor-element elementor-element-33c46fa e-con-full e-flex e-con e-child\" data-id=\"33c46fa\" data-element_type=\"container\" data-e-type=\"container\">\n\t\t\t\t<div class=\"elementor-element elementor-element-4c1319d elementor-widget elementor-widget-text-editor\" data-id=\"4c1319d\" data-element_type=\"widget\" data-e-type=\"widget\" data-widget_type=\"text-editor.default\">\n\t\t\t\t<div class=\"elementor-widget-container\">\n\t\t\t\t\t\t\t\t\t<h2>Contacte con nosotros<\/h2>\t\t\t\t\t\t\t\t<\/div>\n\t\t\t\t<\/div>\n\t\t\t\t<div class=\"elementor-element elementor-element-0f1c5ae elementor-widget elementor-widget-text-editor\" data-id=\"0f1c5ae\" data-element_type=\"widget\" data-e-type=\"widget\" data-widget_type=\"text-editor.default\">\n\t\t\t\t<div class=\"elementor-widget-container\">\n\t\t\t\t\t\t\t\t\t<h2>Estudiamos y realizamos la soluci\u00f3n m\u00e1s adecuada para sus necesidades.<\/h2>\t\t\t\t\t\t\t\t<\/div>\n\t\t\t\t<\/div>\n\t\t<div class=\"elementor-element elementor-element-176dcca e-con-full e-flex e-con e-child\" data-id=\"176dcca\" data-element_type=\"container\" data-e-type=\"container\">\n\t\t\t\t<div class=\"elementor-element elementor-element-dc18c38 elementor-align-justify elementor-widget__width-inherit elementor-widget elementor-widget-button\" data-id=\"dc18c38\" data-element_type=\"widget\" data-e-type=\"widget\" data-widget_type=\"button.default\">\n\t\t\t\t<div class=\"elementor-widget-container\">\n\t\t\t\t\t\t\t\t\t<div class=\"elementor-button-wrapper\">\n\t\t\t\t\t<a class=\"elementor-button elementor-button-link elementor-size-sm\" href=\"#elementor-action%3Aaction%3Dpopup%3Aopen%26settings%3DeyJpZCI6MTkzNywidG9nZ2xlIjpmYWxzZX0%3D\">\n\t\t\t\t\t\t<span class=\"elementor-button-content-wrapper\">\n\t\t\t\t\t\t\t\t\t<span class=\"elementor-button-text\">Solicitar presupuesto <\/span>\n\t\t\t\t\t<\/span>\n\t\t\t\t\t<\/a>\n\t\t\t\t<\/div>\n\t\t\t\t\t\t\t\t<\/div>\n\t\t\t\t<\/div>\n\t\t\t\t<\/div>\n\t\t\t\t<\/div>\n\t\t\t\t<\/div>\n\t\t<div class=\"elementor-element elementor-element-e759ee5 e-con-full e-flex e-con e-child\" data-id=\"e759ee5\" data-element_type=\"container\" data-e-type=\"container\" data-settings=\"{&quot;background_background&quot;:&quot;classic&quot;}\">\n\t\t\t\t<\/div>\n\t\t\t\t<\/div>\n\t\t\t\t<\/div>\n\t\t<\/div>\n\t\t\t\t\t\t<\/div>\n\t\t\t\t<\/div>\n\t\t\t\t<\/div>\n\t\t\t\t<\/div>\n\t\t","protected":false},"excerpt":{"rendered":"<p>Hilos de papel retorcido para uso t\u00e9cnico Para cables el\u00e9ctricos, embalajes y mucho m\u00e1s Descargar la ficha t\u00e9cnica Solicitar un presupuesto Descargar la ficha t\u00e9cnica Solicitar un presupuesto La protecci\u00f3n adecuada para cada creaci\u00f3n Producimos hilos de papel retorcido espec\u00edficos para uso t\u00e9cnico: ya sea para el n\u00facleo de cables el\u00e9ctricos o para materiales de [&hellip;]<\/p>\n","protected":false},"author":1,"featured_media":0,"parent":1797,"menu_order":0,"comment_status":"closed","ping_status":"closed","template":"","meta":{"footnotes":""},"class_list":["post-1851","page","type-page","status-publish","hentry"],"yoast_head":"<!-- This site is optimized with the Yoast SEO plugin v27.5 - https:\/\/yoast.com\/product\/yoast-seo-wordpress\/ -->\n<title>Uso t\u00e9cnico | MB Paper&#039;s<\/title>\n<meta name=\"robots\" content=\"index, follow, max-snippet:-1, max-image-preview:large, max-video-preview:-1\" \/>\n<link rel=\"canonical\" href=\"https:\/\/www.mbpaper.it\/prodotti\/tecnico\/\" \/>\n<meta property=\"og:locale\" content=\"es_ES\" \/>\n<meta property=\"og:type\" content=\"article\" \/>\n<meta property=\"og:title\" content=\"Uso t\u00e9cnico | MB Paper&#039;s\" \/>\n<meta property=\"og:description\" content=\"Hilos de papel retorcido para uso t\u00e9cnico Para cables el\u00e9ctricos, embalajes y mucho m\u00e1s Descargar la ficha t\u00e9cnica Solicitar un presupuesto Descargar la ficha t\u00e9cnica Solicitar un presupuesto La protecci\u00f3n adecuada para cada creaci\u00f3n Producimos hilos de papel retorcido espec\u00edficos para uso t\u00e9cnico: ya sea para el n\u00facleo de cables el\u00e9ctricos o para materiales de [&hellip;]\" \/>\n<meta property=\"og:url\" content=\"https:\/\/www.mbpaper.it\/prodotti\/tecnico\/\" \/>\n<meta property=\"og:site_name\" content=\"MB Paper&#039;s\" \/>\n<meta property=\"article:modified_time\" content=\"2026-04-23T12:44:20+00:00\" \/>\n<meta property=\"og:image\" content=\"https:\/\/www.mbpaper.it\/wp-content\/uploads\/2025\/07\/foto-prodotto-tecnico.jpg\" \/>\n\t<meta property=\"og:image:width\" content=\"1320\" \/>\n\t<meta property=\"og:image:height\" content=\"442\" \/>\n\t<meta property=\"og:image:type\" content=\"image\/jpeg\" \/>\n<meta name=\"twitter:card\" content=\"summary_large_image\" \/>\n<meta name=\"twitter:label1\" content=\"Tiempo de lectura\" \/>\n\t<meta name=\"twitter:data1\" content=\"1 minuto\" \/>\n<script type=\"application\/ld+json\" class=\"yoast-schema-graph\">{\"@context\":\"https:\\\/\\\/schema.org\",\"@graph\":[{\"@type\":\"WebPage\",\"@id\":\"https:\\\/\\\/www.mbpaper.it\\\/prodotti\\\/tecnico\\\/\",\"url\":\"https:\\\/\\\/www.mbpaper.it\\\/prodotti\\\/tecnico\\\/\",\"name\":\"Uso t\u00e9cnico | MB Paper&#039;s\",\"isPartOf\":{\"@id\":\"https:\\\/\\\/www.mbpaper.it\\\/#website\"},\"primaryImageOfPage\":{\"@id\":\"https:\\\/\\\/www.mbpaper.it\\\/prodotti\\\/tecnico\\\/#primaryimage\"},\"image\":{\"@id\":\"https:\\\/\\\/www.mbpaper.it\\\/prodotti\\\/tecnico\\\/#primaryimage\"},\"thumbnailUrl\":\"https:\\\/\\\/www.mbpaper.it\\\/wp-content\\\/uploads\\\/2025\\\/07\\\/foto-prodotto-tecnico.jpg\",\"datePublished\":\"2025-05-22T07:26:43+00:00\",\"dateModified\":\"2026-04-23T12:44:20+00:00\",\"breadcrumb\":{\"@id\":\"https:\\\/\\\/www.mbpaper.it\\\/prodotti\\\/tecnico\\\/#breadcrumb\"},\"inLanguage\":\"es\",\"potentialAction\":[{\"@type\":\"ReadAction\",\"target\":[\"https:\\\/\\\/www.mbpaper.it\\\/prodotti\\\/tecnico\\\/\"]}]},{\"@type\":\"ImageObject\",\"inLanguage\":\"es\",\"@id\":\"https:\\\/\\\/www.mbpaper.it\\\/prodotti\\\/tecnico\\\/#primaryimage\",\"url\":\"https:\\\/\\\/www.mbpaper.it\\\/wp-content\\\/uploads\\\/2025\\\/07\\\/foto-prodotto-tecnico.jpg\",\"contentUrl\":\"https:\\\/\\\/www.mbpaper.it\\\/wp-content\\\/uploads\\\/2025\\\/07\\\/foto-prodotto-tecnico.jpg\"},{\"@type\":\"BreadcrumbList\",\"@id\":\"https:\\\/\\\/www.mbpaper.it\\\/prodotti\\\/tecnico\\\/#breadcrumb\",\"itemListElement\":[{\"@type\":\"ListItem\",\"position\":1,\"name\":\"Home\",\"item\":\"https:\\\/\\\/www.mbpaper.it\\\/en\\\/\"},{\"@type\":\"ListItem\",\"position\":2,\"name\":\"Productos\",\"item\":\"https:\\\/\\\/www.mbpaper.it\\\/es\\\/productos\\\/\"},{\"@type\":\"ListItem\",\"position\":3,\"name\":\"Uso t\u00e9cnico\"}]},{\"@type\":\"WebSite\",\"@id\":\"https:\\\/\\\/www.mbpaper.it\\\/#website\",\"url\":\"https:\\\/\\\/www.mbpaper.it\\\/\",\"name\":\"MB Paper's\",\"description\":\"Leader nella produzione di filati di carta per borse, sedie, prodotti alimentari e applicazioni tecniche. Qualit\u00e0, sostenibilit\u00e0 e soluzioni su misura da oltre 40 anni.\",\"publisher\":{\"@id\":\"https:\\\/\\\/www.mbpaper.it\\\/#organization\"},\"alternateName\":\"MB Paper's srl\",\"potentialAction\":[{\"@type\":\"SearchAction\",\"target\":{\"@type\":\"EntryPoint\",\"urlTemplate\":\"https:\\\/\\\/www.mbpaper.it\\\/?s={search_term_string}\"},\"query-input\":{\"@type\":\"PropertyValueSpecification\",\"valueRequired\":true,\"valueName\":\"search_term_string\"}}],\"inLanguage\":\"es\"},{\"@type\":\"Organization\",\"@id\":\"https:\\\/\\\/www.mbpaper.it\\\/#organization\",\"name\":\"MB Paper's srl\",\"alternateName\":\"MB Paper's\",\"url\":\"https:\\\/\\\/www.mbpaper.it\\\/\",\"logo\":{\"@type\":\"ImageObject\",\"inLanguage\":\"es\",\"@id\":\"https:\\\/\\\/www.mbpaper.it\\\/#\\\/schema\\\/logo\\\/image\\\/\",\"url\":\"https:\\\/\\\/www.mbpaper.it\\\/wp-content\\\/uploads\\\/2025\\\/05\\\/logo.svg\",\"contentUrl\":\"https:\\\/\\\/www.mbpaper.it\\\/wp-content\\\/uploads\\\/2025\\\/05\\\/logo.svg\",\"width\":98,\"height\":121,\"caption\":\"MB Paper's srl\"},\"image\":{\"@id\":\"https:\\\/\\\/www.mbpaper.it\\\/#\\\/schema\\\/logo\\\/image\\\/\"}}]}<\/script>\n<!-- \/ Yoast SEO plugin. -->","yoast_head_json":{"title":"Uso t\u00e9cnico | MB Paper&#039;s","robots":{"index":"index","follow":"follow","max-snippet":"max-snippet:-1","max-image-preview":"max-image-preview:large","max-video-preview":"max-video-preview:-1"},"canonical":"https:\/\/www.mbpaper.it\/prodotti\/tecnico\/","og_locale":"es_ES","og_type":"article","og_title":"Uso t\u00e9cnico | MB Paper&#039;s","og_description":"Hilos de papel retorcido para uso t\u00e9cnico Para cables el\u00e9ctricos, embalajes y mucho m\u00e1s Descargar la ficha t\u00e9cnica Solicitar un presupuesto Descargar la ficha t\u00e9cnica Solicitar un presupuesto La protecci\u00f3n adecuada para cada creaci\u00f3n Producimos hilos de papel retorcido espec\u00edficos para uso t\u00e9cnico: ya sea para el n\u00facleo de cables el\u00e9ctricos o para materiales de [&hellip;]","og_url":"https:\/\/www.mbpaper.it\/prodotti\/tecnico\/","og_site_name":"MB Paper&#039;s","article_modified_time":"2026-04-23T12:44:20+00:00","og_image":[{"width":1320,"height":442,"url":"https:\/\/www.mbpaper.it\/wp-content\/uploads\/2025\/07\/foto-prodotto-tecnico.jpg","type":"image\/jpeg"}],"twitter_card":"summary_large_image","twitter_misc":{"Tiempo de lectura":"1 minuto"},"schema":{"@context":"https:\/\/schema.org","@graph":[{"@type":"WebPage","@id":"https:\/\/www.mbpaper.it\/prodotti\/tecnico\/","url":"https:\/\/www.mbpaper.it\/prodotti\/tecnico\/","name":"Uso t\u00e9cnico | MB Paper&#039;s","isPartOf":{"@id":"https:\/\/www.mbpaper.it\/#website"},"primaryImageOfPage":{"@id":"https:\/\/www.mbpaper.it\/prodotti\/tecnico\/#primaryimage"},"image":{"@id":"https:\/\/www.mbpaper.it\/prodotti\/tecnico\/#primaryimage"},"thumbnailUrl":"https:\/\/www.mbpaper.it\/wp-content\/uploads\/2025\/07\/foto-prodotto-tecnico.jpg","datePublished":"2025-05-22T07:26:43+00:00","dateModified":"2026-04-23T12:44:20+00:00","breadcrumb":{"@id":"https:\/\/www.mbpaper.it\/prodotti\/tecnico\/#breadcrumb"},"inLanguage":"es","potentialAction":[{"@type":"ReadAction","target":["https:\/\/www.mbpaper.it\/prodotti\/tecnico\/"]}]},{"@type":"ImageObject","inLanguage":"es","@id":"https:\/\/www.mbpaper.it\/prodotti\/tecnico\/#primaryimage","url":"https:\/\/www.mbpaper.it\/wp-content\/uploads\/2025\/07\/foto-prodotto-tecnico.jpg","contentUrl":"https:\/\/www.mbpaper.it\/wp-content\/uploads\/2025\/07\/foto-prodotto-tecnico.jpg"},{"@type":"BreadcrumbList","@id":"https:\/\/www.mbpaper.it\/prodotti\/tecnico\/#breadcrumb","itemListElement":[{"@type":"ListItem","position":1,"name":"Home","item":"https:\/\/www.mbpaper.it\/en\/"},{"@type":"ListItem","position":2,"name":"Productos","item":"https:\/\/www.mbpaper.it\/es\/productos\/"},{"@type":"ListItem","position":3,"name":"Uso t\u00e9cnico"}]},{"@type":"WebSite","@id":"https:\/\/www.mbpaper.it\/#website","url":"https:\/\/www.mbpaper.it\/","name":"MB Paper's","description":"Leader nella produzione di filati di carta per borse, sedie, prodotti alimentari e applicazioni tecniche. Qualit\u00e0, sostenibilit\u00e0 e soluzioni su misura da oltre 40 anni.","publisher":{"@id":"https:\/\/www.mbpaper.it\/#organization"},"alternateName":"MB Paper's srl","potentialAction":[{"@type":"SearchAction","target":{"@type":"EntryPoint","urlTemplate":"https:\/\/www.mbpaper.it\/?s={search_term_string}"},"query-input":{"@type":"PropertyValueSpecification","valueRequired":true,"valueName":"search_term_string"}}],"inLanguage":"es"},{"@type":"Organization","@id":"https:\/\/www.mbpaper.it\/#organization","name":"MB Paper's srl","alternateName":"MB Paper's","url":"https:\/\/www.mbpaper.it\/","logo":{"@type":"ImageObject","inLanguage":"es","@id":"https:\/\/www.mbpaper.it\/#\/schema\/logo\/image\/","url":"https:\/\/www.mbpaper.it\/wp-content\/uploads\/2025\/05\/logo.svg","contentUrl":"https:\/\/www.mbpaper.it\/wp-content\/uploads\/2025\/05\/logo.svg","width":98,"height":121,"caption":"MB Paper's srl"},"image":{"@id":"https:\/\/www.mbpaper.it\/#\/schema\/logo\/image\/"}}]}},"_links":{"self":[{"href":"https:\/\/www.mbpaper.it\/es\/wp-json\/wp\/v2\/pages\/1851","targetHints":{"allow":["GET"]}}],"collection":[{"href":"https:\/\/www.mbpaper.it\/es\/wp-json\/wp\/v2\/pages"}],"about":[{"href":"https:\/\/www.mbpaper.it\/es\/wp-json\/wp\/v2\/types\/page"}],"author":[{"embeddable":true,"href":"https:\/\/www.mbpaper.it\/es\/wp-json\/wp\/v2\/users\/1"}],"replies":[{"embeddable":true,"href":"https:\/\/www.mbpaper.it\/es\/wp-json\/wp\/v2\/comments?post=1851"}],"version-history":[{"count":4,"href":"https:\/\/www.mbpaper.it\/es\/wp-json\/wp\/v2\/pages\/1851\/revisions"}],"predecessor-version":[{"id":3226,"href":"https:\/\/www.mbpaper.it\/es\/wp-json\/wp\/v2\/pages\/1851\/revisions\/3226"}],"up":[{"embeddable":true,"href":"https:\/\/www.mbpaper.it\/es\/wp-json\/wp\/v2\/pages\/1797"}],"wp:attachment":[{"href":"https:\/\/www.mbpaper.it\/es\/wp-json\/wp\/v2\/media?parent=1851"}],"curies":[{"name":"wp","href":"https:\/\/api.w.org\/{rel}","templated":true}]}}