{"id":1797,"date":"2025-07-24T16:44:19","date_gmt":"2025-07-24T14:44:19","guid":{"rendered":"https:\/\/www.mbpaper.it\/prodotti\/"},"modified":"2025-08-04T14:37:22","modified_gmt":"2025-08-04T13:37:22","slug":"productos","status":"publish","type":"page","link":"https:\/\/www.mbpaper.it\/es\/productos\/","title":{"rendered":"Productos"},"content":{"rendered":"\t\t<div data-elementor-type=\"wp-page\" data-elementor-id=\"1797\" class=\"elementor elementor-1797 elementor-1802\" data-elementor-post-type=\"page\">\n\t\t\t\t<div class=\"elementor-element elementor-element-1294305 e-con-full e-flex e-con e-parent\" data-id=\"1294305\" data-element_type=\"container\" data-e-type=\"container\" data-settings=\"{&quot;background_background&quot;:&quot;classic&quot;}\">\n\t\t\t\t<div class=\"elementor-element elementor-element-16a1b58 elementor-widget elementor-widget-heading\" data-id=\"16a1b58\" data-element_type=\"widget\" data-e-type=\"widget\" data-widget_type=\"heading.default\">\n\t\t\t\t<div class=\"elementor-widget-container\">\n\t\t\t\t\t<h1 class=\"elementor-heading-title elementor-size-default\">Cordones e hilos de papel <\/h1>\t\t\t\t<\/div>\n\t\t\t\t<\/div>\n\t\t\t\t<div class=\"elementor-element elementor-element-e0a2dc1 elementor-widget elementor-widget-heading\" data-id=\"e0a2dc1\" data-element_type=\"widget\" data-e-type=\"widget\" data-widget_type=\"heading.default\">\n\t\t\t\t<div class=\"elementor-widget-container\">\n\t\t\t\t\t<p class=\"elementor-heading-title elementor-size-default\">Soluciones de calidad al servicio de la industria<\/p>\t\t\t\t<\/div>\n\t\t\t\t<\/div>\n\t\t\t\t<\/div>\n\t\t<div class=\"elementor-element elementor-element-2f3e2d5 e-flex e-con-boxed e-con e-parent\" data-id=\"2f3e2d5\" data-element_type=\"container\" data-e-type=\"container\">\n\t\t\t\t\t<div class=\"e-con-inner\">\n\t\t<div class=\"elementor-element elementor-element-f41b052 e-con-full e-flex e-con e-child\" data-id=\"f41b052\" data-element_type=\"container\" data-e-type=\"container\">\n\t\t\t\t<div class=\"elementor-element elementor-element-f9267c6 elementor-widget elementor-widget-heading\" data-id=\"f9267c6\" data-element_type=\"widget\" data-e-type=\"widget\" data-widget_type=\"heading.default\">\n\t\t\t\t<div class=\"elementor-widget-container\">\n\t\t\t\t\t<p class=\"elementor-heading-title elementor-size-default\">M.B. Paper's S.r.l.<\/p>\t\t\t\t<\/div>\n\t\t\t\t<\/div>\n\t\t\t\t<div class=\"elementor-element elementor-element-a217ade elementor-widget elementor-widget-heading\" data-id=\"a217ade\" data-element_type=\"widget\" data-e-type=\"widget\" data-widget_type=\"heading.default\">\n\t\t\t\t<div class=\"elementor-widget-container\">\n\t\t\t\t\t<h2 class=\"elementor-heading-title elementor-size-default\">Producimos hilos de papel retorcido exclusivamente con materiales seleccionados y sostenibles.<\/h2>\t\t\t\t<\/div>\n\t\t\t\t<\/div>\n\t\t\t\t<\/div>\n\t\t<div class=\"elementor-element elementor-element-b01712d e-con-full elementor-hidden-mobile e-flex e-con e-child\" data-id=\"b01712d\" data-element_type=\"container\" data-e-type=\"container\">\n\t\t\t\t<\/div>\n\t\t\t\t\t<\/div>\n\t\t\t\t<\/div>\n\t\t<div class=\"elementor-element elementor-element-9298c42 e-con-full e-flex e-con e-parent\" data-id=\"9298c42\" data-element_type=\"container\" data-e-type=\"container\">\n\t\t<div class=\"elementor-element elementor-element-e597d56 e-con-full e-flex e-con e-child\" data-id=\"e597d56\" data-element_type=\"container\" data-e-type=\"container\">\n\t\t<div class=\"elementor-element elementor-element-c9e6378 e-con-full e-flex e-con e-child\" data-id=\"c9e6378\" data-element_type=\"container\" data-e-type=\"container\">\n\t\t\t\t<div class=\"elementor-element elementor-element-1535bb1 elementor-widget elementor-widget-image\" data-id=\"1535bb1\" data-element_type=\"widget\" data-e-type=\"widget\" data-widget_type=\"image.default\">\n\t\t\t\t<div class=\"elementor-widget-container\">\n\t\t\t\t\t\t\t\t\t\t\t\t\t\t\t<img fetchpriority=\"high\" decoding=\"async\" width=\"814\" height=\"473\" src=\"https:\/\/www.mbpaper.it\/wp-content\/uploads\/2025\/06\/mo10dmg5-3.png\" class=\"attachment-2048x2048 size-2048x2048 wp-image-1167\" alt=\"\" srcset=\"https:\/\/www.mbpaper.it\/wp-content\/uploads\/2025\/06\/mo10dmg5-3.png 814w, https:\/\/www.mbpaper.it\/wp-content\/uploads\/2025\/06\/mo10dmg5-3-300x174.png 300w, https:\/\/www.mbpaper.it\/wp-content\/uploads\/2025\/06\/mo10dmg5-3-768x446.png 768w\" sizes=\"(max-width: 814px) 100vw, 814px\" \/>\t\t\t\t\t\t\t\t\t\t\t\t\t\t\t<\/div>\n\t\t\t\t<\/div>\n\t\t\t\t<div class=\"elementor-element elementor-element-2f29637 elementor-widget elementor-widget-image\" data-id=\"2f29637\" data-element_type=\"widget\" data-e-type=\"widget\" data-widget_type=\"image.default\">\n\t\t\t\t<div class=\"elementor-widget-container\">\n\t\t\t\t\t\t\t\t\t\t\t\t\t\t\t<img decoding=\"async\" width=\"398\" height=\"473\" src=\"https:\/\/www.mbpaper.it\/wp-content\/uploads\/2025\/06\/maniglie1-5.png\" class=\"attachment-2048x2048 size-2048x2048 wp-image-1169\" alt=\"\" srcset=\"https:\/\/www.mbpaper.it\/wp-content\/uploads\/2025\/06\/maniglie1-5.png 398w, https:\/\/www.mbpaper.it\/wp-content\/uploads\/2025\/06\/maniglie1-5-252x300.png 252w\" sizes=\"(max-width: 398px) 100vw, 398px\" \/>\t\t\t\t\t\t\t\t\t\t\t\t\t\t\t<\/div>\n\t\t\t\t<\/div>\n\t\t\t\t<\/div>\n\t\t\t\t<\/div>\n\t\t<div class=\"elementor-element elementor-element-8f1fee2 e-con-full e-flex e-con e-child\" data-id=\"8f1fee2\" data-element_type=\"container\" data-e-type=\"container\">\n\t\t\t\t<div class=\"elementor-element elementor-element-de4a301 elementor-widget elementor-widget-text-editor\" data-id=\"de4a301\" data-element_type=\"widget\" data-e-type=\"widget\" data-widget_type=\"text-editor.default\">\n\t\t\t\t<div class=\"elementor-widget-container\">\n\t\t\t\t\t\t\t\t\t<p>Usamos papel de celulosa pura procedente de los bosques de la pen\u00ednsula escandinava, o combinado con papel reciclado, ideal para muchas aplicaciones industriales. Gracias a los procesos tecnol\u00f3gicamente avanzados de nuestras instalaciones de producci\u00f3n, garantizamos la m\u00e1xima resistencia y funcionalidad, as\u00ed como el respeto por la ecolog\u00eda.<\/p><p>\u00a0<\/p><p>Procesamos hilos de entre 1,5 y 8 mil\u00edmetros de grosor, de cualquier longitud, con bobinas de varias longitudes, en funci\u00f3n del grosor del cord\u00f3n y de los requisitos del cliente. Todos los colores, ya sea seg\u00fan el cat\u00e1logo Pantone o las muestras de los clientes, se pueden reproducir, lo que permite una combinaci\u00f3n perfecta incluso en los usos m\u00e1s particulares.<\/p>\t\t\t\t\t\t\t\t<\/div>\n\t\t\t\t<\/div>\n\t\t\t\t<\/div>\n\t\t\t\t<\/div>\n\t\t<div class=\"elementor-element elementor-element-18c5ae7 e-con-full e-flex e-con e-parent\" data-id=\"18c5ae7\" data-element_type=\"container\" data-e-type=\"container\">\n\t\t\t\t<div class=\"elementor-element elementor-element-b6c3ffd elementor-widget elementor-widget-shortcode\" data-id=\"b6c3ffd\" data-element_type=\"widget\" data-e-type=\"widget\" data-widget_type=\"shortcode.default\">\n\t\t\t\t<div class=\"elementor-widget-container\">\n\t\t\t\t\t\t\t<div class=\"elementor-shortcode\">\t\t<div data-elementor-type=\"section\" data-elementor-id=\"1704\" class=\"elementor elementor-1704 elementor-1269\" data-elementor-post-type=\"elementor_library\">\n\t\t\t<div class=\"elementor-element elementor-element-3500d21 e-flex e-con-boxed e-con e-parent\" data-id=\"3500d21\" data-element_type=\"container\" data-e-type=\"container\" data-settings=\"{&quot;background_background&quot;:&quot;classic&quot;}\">\n\t\t\t\t\t<div class=\"e-con-inner\">\n\t\t<div class=\"elementor-element elementor-element-c2bad83 e-con-full e-flex e-con e-child\" data-id=\"c2bad83\" data-element_type=\"container\" data-e-type=\"container\">\n\t\t\t\t<div class=\"elementor-element elementor-element-e0e9182 elementor-widget elementor-widget-text-editor\" data-id=\"e0e9182\" data-element_type=\"widget\" data-e-type=\"widget\" data-widget_type=\"text-editor.default\">\n\t\t\t\t<div class=\"elementor-widget-container\">\n\t\t\t\t\t\t\t\t\t<h2>Productos<\/h2>\t\t\t\t\t\t\t\t<\/div>\n\t\t\t\t<\/div>\n\t\t\t\t<div class=\"elementor-element elementor-element-de5fc1f elementor-widget elementor-widget-text-editor\" data-id=\"de5fc1f\" data-element_type=\"widget\" data-e-type=\"widget\" data-widget_type=\"text-editor.default\">\n\t\t\t\t<div class=\"elementor-widget-container\">\n\t\t\t\t\t\t\t\t\tCreatividad e innovaci\u00f3n para m\u00faltiples aplicaciones\t\t\t\t\t\t\t\t<\/div>\n\t\t\t\t<\/div>\n\t\t<div class=\"elementor-element elementor-element-bf72290 e-con-full e-grid e-con e-child\" data-id=\"bf72290\" data-element_type=\"container\" data-e-type=\"container\">\n\t\t<a class=\"elementor-element elementor-element-273cf28 e-con-full e-flex e-con e-child\" data-id=\"273cf28\" data-element_type=\"container\" data-e-type=\"container\" href=\"https:\/\/www.mbpaper.it\/es\/productos\/bolsas\/\">\n\t\t\t\t<div class=\"elementor-element elementor-element-fe57a4c elementor-widget elementor-widget-image\" data-id=\"fe57a4c\" data-element_type=\"widget\" data-e-type=\"widget\" data-widget_type=\"image.default\">\n\t\t\t\t<div class=\"elementor-widget-container\">\n\t\t\t\t\t\t\t\t\t\t\t\t\t\t\t<img decoding=\"async\" width=\"800\" height=\"600\" src=\"https:\/\/www.mbpaper.it\/wp-content\/uploads\/2025\/06\/66j0gwe4-1.png\" class=\"attachment-large size-large wp-image-1755\" alt=\"\" srcset=\"https:\/\/www.mbpaper.it\/wp-content\/uploads\/2025\/06\/66j0gwe4-1.png 812w, https:\/\/www.mbpaper.it\/wp-content\/uploads\/2025\/06\/66j0gwe4-1-300x225.png 300w, https:\/\/www.mbpaper.it\/wp-content\/uploads\/2025\/06\/66j0gwe4-1-768x576.png 768w\" sizes=\"(max-width: 800px) 100vw, 800px\" \/>\t\t\t\t\t\t\t\t\t\t\t\t\t\t\t<\/div>\n\t\t\t\t<\/div>\n\t\t\t\t<div class=\"elementor-element elementor-element-627ca57 elementor-widget elementor-widget-text-editor\" data-id=\"627ca57\" data-element_type=\"widget\" data-e-type=\"widget\" data-widget_type=\"text-editor.default\">\n\t\t\t\t<div class=\"elementor-widget-container\">\n\t\t\t\t\t\t\t\t\tBolsas de papel\t\t\t\t\t\t\t\t<\/div>\n\t\t\t\t<\/div>\n\t\t\t\t<\/a>\n\t\t<a class=\"elementor-element elementor-element-9cfb5a0 e-con-full e-flex e-con e-child\" data-id=\"9cfb5a0\" data-element_type=\"container\" data-e-type=\"container\" href=\"https:\/\/www.mbpaper.it\/es\/productos\/sillas-muebles\/\">\n\t\t\t\t<div class=\"elementor-element elementor-element-3c45258 elementor-widget elementor-widget-image\" data-id=\"3c45258\" data-element_type=\"widget\" data-e-type=\"widget\" data-widget_type=\"image.default\">\n\t\t\t\t<div class=\"elementor-widget-container\">\n\t\t\t\t\t\t\t\t\t\t\t\t\t\t\t<img loading=\"lazy\" decoding=\"async\" width=\"800\" height=\"604\" src=\"https:\/\/www.mbpaper.it\/wp-content\/uploads\/2025\/05\/9l25t4ni.png\" class=\"attachment-large size-large wp-image-1751\" alt=\"\" srcset=\"https:\/\/www.mbpaper.it\/wp-content\/uploads\/2025\/05\/9l25t4ni.png 807w, https:\/\/www.mbpaper.it\/wp-content\/uploads\/2025\/05\/9l25t4ni-300x226.png 300w, https:\/\/www.mbpaper.it\/wp-content\/uploads\/2025\/05\/9l25t4ni-768x580.png 768w\" sizes=\"(max-width: 800px) 100vw, 800px\" \/>\t\t\t\t\t\t\t\t\t\t\t\t\t\t\t<\/div>\n\t\t\t\t<\/div>\n\t\t\t\t<div class=\"elementor-element elementor-element-86b74e4 elementor-widget elementor-widget-text-editor\" data-id=\"86b74e4\" data-element_type=\"widget\" data-e-type=\"widget\" data-widget_type=\"text-editor.default\">\n\t\t\t\t<div class=\"elementor-widget-container\">\n\t\t\t\t\t\t\t\t\t<p>Sillas y muebles<\/p>\t\t\t\t\t\t\t\t<\/div>\n\t\t\t\t<\/div>\n\t\t\t\t<\/a>\n\t\t<a class=\"elementor-element elementor-element-35e33f1 e-con-full e-flex e-con e-child\" data-id=\"35e33f1\" data-element_type=\"container\" data-e-type=\"container\" href=\"https:\/\/www.mbpaper.it\/es\/productos\/sector-alimentario\/\">\n\t\t\t\t<div class=\"elementor-element elementor-element-980d9a5 elementor-widget elementor-widget-image\" data-id=\"980d9a5\" data-element_type=\"widget\" data-e-type=\"widget\" data-widget_type=\"image.default\">\n\t\t\t\t<div class=\"elementor-widget-container\">\n\t\t\t\t\t\t\t\t\t\t\t\t\t\t\t<img loading=\"lazy\" decoding=\"async\" width=\"800\" height=\"600\" src=\"https:\/\/www.mbpaper.it\/wp-content\/uploads\/2025\/05\/b6fmshqq.png\" class=\"attachment-large size-large wp-image-1752\" alt=\"\" srcset=\"https:\/\/www.mbpaper.it\/wp-content\/uploads\/2025\/05\/b6fmshqq.png 812w, https:\/\/www.mbpaper.it\/wp-content\/uploads\/2025\/05\/b6fmshqq-300x225.png 300w, https:\/\/www.mbpaper.it\/wp-content\/uploads\/2025\/05\/b6fmshqq-768x576.png 768w\" sizes=\"(max-width: 800px) 100vw, 800px\" \/>\t\t\t\t\t\t\t\t\t\t\t\t\t\t\t<\/div>\n\t\t\t\t<\/div>\n\t\t\t\t<div class=\"elementor-element elementor-element-6f7d9d8 elementor-widget elementor-widget-text-editor\" data-id=\"6f7d9d8\" data-element_type=\"widget\" data-e-type=\"widget\" data-widget_type=\"text-editor.default\">\n\t\t\t\t<div class=\"elementor-widget-container\">\n\t\t\t\t\t\t\t\t\tAlimentos\t\t\t\t\t\t\t\t<\/div>\n\t\t\t\t<\/div>\n\t\t\t\t<\/a>\n\t\t<a class=\"elementor-element elementor-element-46158f6 e-con-full e-flex e-con e-child\" data-id=\"46158f6\" data-element_type=\"container\" data-e-type=\"container\" href=\"https:\/\/www.mbpaper.it\/es\/productos\/uso-tecnico\/\">\n\t\t\t\t<div class=\"elementor-element elementor-element-34273a3 elementor-widget elementor-widget-image\" data-id=\"34273a3\" data-element_type=\"widget\" data-e-type=\"widget\" data-widget_type=\"image.default\">\n\t\t\t\t<div class=\"elementor-widget-container\">\n\t\t\t\t\t\t\t\t\t\t\t\t\t\t\t<img loading=\"lazy\" decoding=\"async\" width=\"800\" height=\"604\" src=\"https:\/\/www.mbpaper.it\/wp-content\/uploads\/2025\/05\/rocche-filo-x-cavi-010.png\" class=\"attachment-large size-large wp-image-1753\" alt=\"\" srcset=\"https:\/\/www.mbpaper.it\/wp-content\/uploads\/2025\/05\/rocche-filo-x-cavi-010.png 807w, https:\/\/www.mbpaper.it\/wp-content\/uploads\/2025\/05\/rocche-filo-x-cavi-010-300x226.png 300w, https:\/\/www.mbpaper.it\/wp-content\/uploads\/2025\/05\/rocche-filo-x-cavi-010-768x580.png 768w\" sizes=\"(max-width: 800px) 100vw, 800px\" \/>\t\t\t\t\t\t\t\t\t\t\t\t\t\t\t<\/div>\n\t\t\t\t<\/div>\n\t\t\t\t<div class=\"elementor-element elementor-element-c1fdb76 elementor-widget elementor-widget-text-editor\" data-id=\"c1fdb76\" data-element_type=\"widget\" data-e-type=\"widget\" data-widget_type=\"text-editor.default\">\n\t\t\t\t<div class=\"elementor-widget-container\">\n\t\t\t\t\t\t\t\t\tSector t\u00e9cnico\t\t\t\t\t\t\t\t<\/div>\n\t\t\t\t<\/div>\n\t\t\t\t<\/a>\n\t\t\t\t<\/div>\n\t\t\t\t<\/div>\n\t\t\t\t\t<\/div>\n\t\t\t\t<\/div>\n\t\t\t\t<\/div>\n\t\t<\/div>\n\t\t\t\t\t\t<\/div>\n\t\t\t\t<\/div>\n\t\t\t\t<\/div>\n\t\t<div class=\"elementor-element elementor-element-406c096 e-con-full e-flex e-con e-parent\" data-id=\"406c096\" data-element_type=\"container\" data-e-type=\"container\">\n\t\t\t\t<div class=\"elementor-element elementor-element-00a487a elementor-widget elementor-widget-shortcode\" data-id=\"00a487a\" data-element_type=\"widget\" data-e-type=\"widget\" data-widget_type=\"shortcode.default\">\n\t\t\t\t<div class=\"elementor-widget-container\">\n\t\t\t\t\t\t\t<div class=\"elementor-shortcode\">\t\t<div data-elementor-type=\"section\" data-elementor-id=\"1783\" class=\"elementor elementor-1783 elementor-1719\" data-elementor-post-type=\"elementor_library\">\n\t\t\t<div class=\"elementor-element elementor-element-7440e86 e-con-full e-flex e-con e-parent\" data-id=\"7440e86\" data-element_type=\"container\" data-e-type=\"container\">\n\t\t<div class=\"elementor-element elementor-element-91ecbf2 e-con-full e-flex e-con e-child\" data-id=\"91ecbf2\" data-element_type=\"container\" data-e-type=\"container\">\n\t\t<div class=\"elementor-element elementor-element-33c46fa e-con-full e-flex e-con e-child\" data-id=\"33c46fa\" data-element_type=\"container\" data-e-type=\"container\">\n\t\t\t\t<div class=\"elementor-element elementor-element-4c1319d elementor-widget elementor-widget-text-editor\" data-id=\"4c1319d\" data-element_type=\"widget\" data-e-type=\"widget\" data-widget_type=\"text-editor.default\">\n\t\t\t\t<div class=\"elementor-widget-container\">\n\t\t\t\t\t\t\t\t\t<h2>Contacte con nosotros<\/h2>\t\t\t\t\t\t\t\t<\/div>\n\t\t\t\t<\/div>\n\t\t\t\t<div class=\"elementor-element elementor-element-0f1c5ae elementor-widget elementor-widget-text-editor\" data-id=\"0f1c5ae\" data-element_type=\"widget\" data-e-type=\"widget\" data-widget_type=\"text-editor.default\">\n\t\t\t\t<div class=\"elementor-widget-container\">\n\t\t\t\t\t\t\t\t\t<h2>Estudiamos y realizamos la soluci\u00f3n m\u00e1s adecuada para sus necesidades.<\/h2>\t\t\t\t\t\t\t\t<\/div>\n\t\t\t\t<\/div>\n\t\t<div class=\"elementor-element elementor-element-176dcca e-con-full e-flex e-con e-child\" data-id=\"176dcca\" data-element_type=\"container\" data-e-type=\"container\">\n\t\t\t\t<div class=\"elementor-element elementor-element-dc18c38 elementor-align-justify elementor-widget__width-inherit elementor-widget elementor-widget-button\" data-id=\"dc18c38\" data-element_type=\"widget\" data-e-type=\"widget\" data-widget_type=\"button.default\">\n\t\t\t\t<div class=\"elementor-widget-container\">\n\t\t\t\t\t\t\t\t\t<div class=\"elementor-button-wrapper\">\n\t\t\t\t\t<a class=\"elementor-button elementor-button-link elementor-size-sm\" href=\"#elementor-action%3Aaction%3Dpopup%3Aopen%26settings%3DeyJpZCI6MTkzNywidG9nZ2xlIjpmYWxzZX0%3D\">\n\t\t\t\t\t\t<span class=\"elementor-button-content-wrapper\">\n\t\t\t\t\t\t\t\t\t<span class=\"elementor-button-text\">Solicitar presupuesto <\/span>\n\t\t\t\t\t<\/span>\n\t\t\t\t\t<\/a>\n\t\t\t\t<\/div>\n\t\t\t\t\t\t\t\t<\/div>\n\t\t\t\t<\/div>\n\t\t\t\t<\/div>\n\t\t\t\t<\/div>\n\t\t\t\t<\/div>\n\t\t<div class=\"elementor-element elementor-element-e759ee5 e-con-full e-flex e-con e-child\" data-id=\"e759ee5\" data-element_type=\"container\" data-e-type=\"container\" data-settings=\"{&quot;background_background&quot;:&quot;classic&quot;}\">\n\t\t\t\t<\/div>\n\t\t\t\t<\/div>\n\t\t\t\t<\/div>\n\t\t<\/div>\n\t\t\t\t\t\t<\/div>\n\t\t\t\t<\/div>\n\t\t\t\t<\/div>\n\t\t\t\t<\/div>\n\t\t","protected":false},"excerpt":{"rendered":"<p>Cordones e hilos de papel Soluciones de calidad al servicio de la industria M.B. Paper&#8217;s S.r.l. Producimos hilos de papel retorcido exclusivamente con materiales seleccionados y sostenibles. Usamos papel de celulosa pura procedente de los bosques de la pen\u00ednsula escandinava, o combinado con papel reciclado, ideal para muchas aplicaciones industriales. Gracias a los procesos tecnol\u00f3gicamente [&hellip;]<\/p>\n","protected":false},"author":1,"featured_media":0,"parent":0,"menu_order":0,"comment_status":"closed","ping_status":"closed","template":"","meta":{"footnotes":""},"class_list":["post-1797","page","type-page","status-publish","hentry"],"yoast_head":"<!-- This site is optimized with the Yoast SEO plugin v26.9 - https:\/\/yoast.com\/product\/yoast-seo-wordpress\/ -->\n<title>Productos | MB Paper&#039;s<\/title>\n<meta name=\"robots\" content=\"index, follow, max-snippet:-1, max-image-preview:large, max-video-preview:-1\" \/>\n<link rel=\"canonical\" href=\"https:\/\/www.mbpaper.it\/prodotti\/\" \/>\n<meta property=\"og:locale\" content=\"es_ES\" \/>\n<meta property=\"og:type\" content=\"article\" \/>\n<meta property=\"og:title\" content=\"Productos | MB Paper&#039;s\" \/>\n<meta property=\"og:description\" content=\"Cordones e hilos de papel Soluciones de calidad al servicio de la industria M.B. Paper&#8217;s S.r.l. Producimos hilos de papel retorcido exclusivamente con materiales seleccionados y sostenibles. Usamos papel de celulosa pura procedente de los bosques de la pen\u00ednsula escandinava, o combinado con papel reciclado, ideal para muchas aplicaciones industriales. Gracias a los procesos tecnol\u00f3gicamente [&hellip;]\" \/>\n<meta property=\"og:url\" content=\"https:\/\/www.mbpaper.it\/prodotti\/\" \/>\n<meta property=\"og:site_name\" content=\"MB Paper&#039;s\" \/>\n<meta property=\"article:modified_time\" content=\"2025-08-04T13:37:22+00:00\" \/>\n<meta property=\"og:image\" content=\"https:\/\/www.mbpaper.it\/wp-content\/uploads\/2025\/06\/mo10dmg5-3.png\" \/>\n<meta name=\"twitter:card\" content=\"summary_large_image\" \/>\n<meta name=\"twitter:label1\" content=\"Tiempo de lectura\" \/>\n\t<meta name=\"twitter:data1\" content=\"1 minuto\" \/>\n<script type=\"application\/ld+json\" class=\"yoast-schema-graph\">{\"@context\":\"https:\/\/schema.org\",\"@graph\":[{\"@type\":\"WebPage\",\"@id\":\"https:\/\/www.mbpaper.it\/prodotti\/\",\"url\":\"https:\/\/www.mbpaper.it\/prodotti\/\",\"name\":\"Productos | MB Paper&#039;s\",\"isPartOf\":{\"@id\":\"https:\/\/www.mbpaper.it\/#website\"},\"primaryImageOfPage\":{\"@id\":\"https:\/\/www.mbpaper.it\/prodotti\/#primaryimage\"},\"image\":{\"@id\":\"https:\/\/www.mbpaper.it\/prodotti\/#primaryimage\"},\"thumbnailUrl\":\"https:\/\/www.mbpaper.it\/wp-content\/uploads\/2025\/06\/mo10dmg5-3.png\",\"datePublished\":\"2025-07-24T14:44:19+00:00\",\"dateModified\":\"2025-08-04T13:37:22+00:00\",\"breadcrumb\":{\"@id\":\"https:\/\/www.mbpaper.it\/prodotti\/#breadcrumb\"},\"inLanguage\":\"es\",\"potentialAction\":[{\"@type\":\"ReadAction\",\"target\":[\"https:\/\/www.mbpaper.it\/prodotti\/\"]}]},{\"@type\":\"ImageObject\",\"inLanguage\":\"es\",\"@id\":\"https:\/\/www.mbpaper.it\/prodotti\/#primaryimage\",\"url\":\"https:\/\/www.mbpaper.it\/wp-content\/uploads\/2025\/06\/mo10dmg5-3.png\",\"contentUrl\":\"https:\/\/www.mbpaper.it\/wp-content\/uploads\/2025\/06\/mo10dmg5-3.png\"},{\"@type\":\"BreadcrumbList\",\"@id\":\"https:\/\/www.mbpaper.it\/prodotti\/#breadcrumb\",\"itemListElement\":[{\"@type\":\"ListItem\",\"position\":1,\"name\":\"Home\",\"item\":\"https:\/\/www.mbpaper.it\/en\/\"},{\"@type\":\"ListItem\",\"position\":2,\"name\":\"Productos\"}]},{\"@type\":\"WebSite\",\"@id\":\"https:\/\/www.mbpaper.it\/#website\",\"url\":\"https:\/\/www.mbpaper.it\/\",\"name\":\"MB Paper's\",\"description\":\"Leader nella produzione di filati di carta per borse, sedie, prodotti alimentari e applicazioni tecniche. Qualit\u00e0, sostenibilit\u00e0 e soluzioni su misura da oltre 40 anni.\",\"publisher\":{\"@id\":\"https:\/\/www.mbpaper.it\/#organization\"},\"alternateName\":\"MB Paper's srl\",\"potentialAction\":[{\"@type\":\"SearchAction\",\"target\":{\"@type\":\"EntryPoint\",\"urlTemplate\":\"https:\/\/www.mbpaper.it\/?s={search_term_string}\"},\"query-input\":{\"@type\":\"PropertyValueSpecification\",\"valueRequired\":true,\"valueName\":\"search_term_string\"}}],\"inLanguage\":\"es\"},{\"@type\":\"Organization\",\"@id\":\"https:\/\/www.mbpaper.it\/#organization\",\"name\":\"MB Paper's srl\",\"alternateName\":\"MB Paper's\",\"url\":\"https:\/\/www.mbpaper.it\/\",\"logo\":{\"@type\":\"ImageObject\",\"inLanguage\":\"es\",\"@id\":\"https:\/\/www.mbpaper.it\/#\/schema\/logo\/image\/\",\"url\":\"https:\/\/www.mbpaper.it\/wp-content\/uploads\/2025\/05\/logo.svg\",\"contentUrl\":\"https:\/\/www.mbpaper.it\/wp-content\/uploads\/2025\/05\/logo.svg\",\"width\":98,\"height\":121,\"caption\":\"MB Paper's srl\"},\"image\":{\"@id\":\"https:\/\/www.mbpaper.it\/#\/schema\/logo\/image\/\"}}]}<\/script>\n<!-- \/ Yoast SEO plugin. -->","yoast_head_json":{"title":"Productos | MB Paper&#039;s","robots":{"index":"index","follow":"follow","max-snippet":"max-snippet:-1","max-image-preview":"max-image-preview:large","max-video-preview":"max-video-preview:-1"},"canonical":"https:\/\/www.mbpaper.it\/prodotti\/","og_locale":"es_ES","og_type":"article","og_title":"Productos | MB Paper&#039;s","og_description":"Cordones e hilos de papel Soluciones de calidad al servicio de la industria M.B. Paper&#8217;s S.r.l. Producimos hilos de papel retorcido exclusivamente con materiales seleccionados y sostenibles. Usamos papel de celulosa pura procedente de los bosques de la pen\u00ednsula escandinava, o combinado con papel reciclado, ideal para muchas aplicaciones industriales. Gracias a los procesos tecnol\u00f3gicamente [&hellip;]","og_url":"https:\/\/www.mbpaper.it\/prodotti\/","og_site_name":"MB Paper&#039;s","article_modified_time":"2025-08-04T13:37:22+00:00","og_image":[{"url":"https:\/\/www.mbpaper.it\/wp-content\/uploads\/2025\/06\/mo10dmg5-3.png","type":"","width":"","height":""}],"twitter_card":"summary_large_image","twitter_misc":{"Tiempo de lectura":"1 minuto"},"schema":{"@context":"https:\/\/schema.org","@graph":[{"@type":"WebPage","@id":"https:\/\/www.mbpaper.it\/prodotti\/","url":"https:\/\/www.mbpaper.it\/prodotti\/","name":"Productos | MB Paper&#039;s","isPartOf":{"@id":"https:\/\/www.mbpaper.it\/#website"},"primaryImageOfPage":{"@id":"https:\/\/www.mbpaper.it\/prodotti\/#primaryimage"},"image":{"@id":"https:\/\/www.mbpaper.it\/prodotti\/#primaryimage"},"thumbnailUrl":"https:\/\/www.mbpaper.it\/wp-content\/uploads\/2025\/06\/mo10dmg5-3.png","datePublished":"2025-07-24T14:44:19+00:00","dateModified":"2025-08-04T13:37:22+00:00","breadcrumb":{"@id":"https:\/\/www.mbpaper.it\/prodotti\/#breadcrumb"},"inLanguage":"es","potentialAction":[{"@type":"ReadAction","target":["https:\/\/www.mbpaper.it\/prodotti\/"]}]},{"@type":"ImageObject","inLanguage":"es","@id":"https:\/\/www.mbpaper.it\/prodotti\/#primaryimage","url":"https:\/\/www.mbpaper.it\/wp-content\/uploads\/2025\/06\/mo10dmg5-3.png","contentUrl":"https:\/\/www.mbpaper.it\/wp-content\/uploads\/2025\/06\/mo10dmg5-3.png"},{"@type":"BreadcrumbList","@id":"https:\/\/www.mbpaper.it\/prodotti\/#breadcrumb","itemListElement":[{"@type":"ListItem","position":1,"name":"Home","item":"https:\/\/www.mbpaper.it\/en\/"},{"@type":"ListItem","position":2,"name":"Productos"}]},{"@type":"WebSite","@id":"https:\/\/www.mbpaper.it\/#website","url":"https:\/\/www.mbpaper.it\/","name":"MB Paper's","description":"Leader nella produzione di filati di carta per borse, sedie, prodotti alimentari e applicazioni tecniche. Qualit\u00e0, sostenibilit\u00e0 e soluzioni su misura da oltre 40 anni.","publisher":{"@id":"https:\/\/www.mbpaper.it\/#organization"},"alternateName":"MB Paper's srl","potentialAction":[{"@type":"SearchAction","target":{"@type":"EntryPoint","urlTemplate":"https:\/\/www.mbpaper.it\/?s={search_term_string}"},"query-input":{"@type":"PropertyValueSpecification","valueRequired":true,"valueName":"search_term_string"}}],"inLanguage":"es"},{"@type":"Organization","@id":"https:\/\/www.mbpaper.it\/#organization","name":"MB Paper's srl","alternateName":"MB Paper's","url":"https:\/\/www.mbpaper.it\/","logo":{"@type":"ImageObject","inLanguage":"es","@id":"https:\/\/www.mbpaper.it\/#\/schema\/logo\/image\/","url":"https:\/\/www.mbpaper.it\/wp-content\/uploads\/2025\/05\/logo.svg","contentUrl":"https:\/\/www.mbpaper.it\/wp-content\/uploads\/2025\/05\/logo.svg","width":98,"height":121,"caption":"MB Paper's srl"},"image":{"@id":"https:\/\/www.mbpaper.it\/#\/schema\/logo\/image\/"}}]}},"_links":{"self":[{"href":"https:\/\/www.mbpaper.it\/es\/wp-json\/wp\/v2\/pages\/1797","targetHints":{"allow":["GET"]}}],"collection":[{"href":"https:\/\/www.mbpaper.it\/es\/wp-json\/wp\/v2\/pages"}],"about":[{"href":"https:\/\/www.mbpaper.it\/es\/wp-json\/wp\/v2\/types\/page"}],"author":[{"embeddable":true,"href":"https:\/\/www.mbpaper.it\/es\/wp-json\/wp\/v2\/users\/1"}],"replies":[{"embeddable":true,"href":"https:\/\/www.mbpaper.it\/es\/wp-json\/wp\/v2\/comments?post=1797"}],"version-history":[{"count":0,"href":"https:\/\/www.mbpaper.it\/es\/wp-json\/wp\/v2\/pages\/1797\/revisions"}],"wp:attachment":[{"href":"https:\/\/www.mbpaper.it\/es\/wp-json\/wp\/v2\/media?parent=1797"}],"curies":[{"name":"wp","href":"https:\/\/api.w.org\/{rel}","templated":true}]}}